{"id":121,"date":"2020-01-06T17:58:52","date_gmt":"2020-01-06T20:58:52","guid":{"rendered":"https:\/\/cpps.palmas.br\/?page_id=121"},"modified":"2020-12-08T21:44:25","modified_gmt":"2020-12-09T00:44:25","slug":"orientacao-direcionada","status":"publish","type":"page","link":"https:\/\/cpps.palmas.br\/index.php\/metodologia\/orientacao-direcionada\/","title":{"rendered":"Orienta\u00e7\u00e3o Direcionada &#8211; O.D."},"content":{"rendered":"\n<p>Anamnese<\/p>\n\n\n\n<p>Interven\u00e7\u00e3o psicopedag\u00f3gica com avalia\u00e7\u00f5es cont\u00ednuas<\/p>\n\n\n\n<p>Atendimento individualizado para atender \u00e0s necessidades de cada aluno\/aluna<\/p>\n\n\n\n<p>Alfabetiza\u00e7\u00e3o natural, com foco no progresso eficaz da escrita em letra cursiva, por sua riqueza de detalhes e no desenvolvimento da leitura fluente, com interpreta\u00e7\u00e3o consciente<\/p>\n\n\n\n<p>Desenvolvimento das no\u00e7\u00f5es b\u00e1sicas e racioc\u00ednio l\u00f3gico, anal\u00edtico e matem\u00e1tico<\/p>\n\n\n\n<p><\/p>\n","protected":false},"excerpt":{"rendered":"<p>Anamnese Interven\u00e7\u00e3o psicopedag\u00f3gica com avalia\u00e7\u00f5es cont\u00ednuas Atendimento individualizado para atender \u00e0s necessidades de cada aluno\/aluna Alfabetiza\u00e7\u00e3o natural, com foco no progresso eficaz da escrita em letra cursiva, por sua riqueza de detalhes e no desenvolvimento da leitura fluente, com interpreta\u00e7\u00e3o consciente Desenvolvimento das no\u00e7\u00f5es b\u00e1sicas e racioc\u00ednio l\u00f3gico, anal\u00edtico e matem\u00e1tico<\/p>\n","protected":false},"author":3,"featured_media":0,"parent":43,"menu_order":0,"comment_status":"closed","ping_status":"closed","template":"","meta":{"footnotes":""},"class_list":["post-121","page","type-page","status-publish","hentry"],"_links":{"self":[{"href":"https:\/\/cpps.palmas.br\/index.php\/wp-json\/wp\/v2\/pages\/121","targetHints":{"allow":["GET"]}}],"collection":[{"href":"https:\/\/cpps.palmas.br\/index.php\/wp-json\/wp\/v2\/pages"}],"about":[{"href":"https:\/\/cpps.palmas.br\/index.php\/wp-json\/wp\/v2\/types\/page"}],"author":[{"embeddable":true,"href":"https:\/\/cpps.palmas.br\/index.php\/wp-json\/wp\/v2\/users\/3"}],"replies":[{"embeddable":true,"href":"https:\/\/cpps.palmas.br\/index.php\/wp-json\/wp\/v2\/comments?post=121"}],"version-history":[{"count":3,"href":"https:\/\/cpps.palmas.br\/index.php\/wp-json\/wp\/v2\/pages\/121\/revisions"}],"predecessor-version":[{"id":143,"href":"https:\/\/cpps.palmas.br\/index.php\/wp-json\/wp\/v2\/pages\/121\/revisions\/143"}],"up":[{"embeddable":true,"href":"https:\/\/cpps.palmas.br\/index.php\/wp-json\/wp\/v2\/pages\/43"}],"wp:attachment":[{"href":"https:\/\/cpps.palmas.br\/index.php\/wp-json\/wp\/v2\/media?parent=121"}],"curies":[{"name":"wp","href":"https:\/\/api.w.org\/{rel}","templated":true}]}}