{"id":133,"date":"2020-01-07T19:25:00","date_gmt":"2020-01-07T22:25:00","guid":{"rendered":"https:\/\/cpps.palmas.br\/?page_id=133"},"modified":"2020-12-08T21:44:25","modified_gmt":"2020-12-09T00:44:25","slug":"gabriel-adriano","status":"publish","type":"page","link":"https:\/\/cpps.palmas.br\/index.php\/desbravando-os-misterios-do-cerebro-para-grandes-desafios\/gabriel-adriano\/","title":{"rendered":"GABRIEL ADRIANO"},"content":{"rendered":"\n<figure class=\"wp-block-image size-large is-resized is-style-default\"><img loading=\"lazy\" decoding=\"async\" src=\"https:\/\/cpps.palmas.br\/wp-content\/uploads\/2020\/01\/gabrieladriano20200107_16485021-686x1024.jpg\" alt=\"HOMENAGEM\" class=\"wp-image-130\" width=\"580\" height=\"865\" srcset=\"https:\/\/cpps.palmas.br\/wp-content\/uploads\/2020\/01\/gabrieladriano20200107_16485021-686x1024.jpg 686w, https:\/\/cpps.palmas.br\/wp-content\/uploads\/2020\/01\/gabrieladriano20200107_16485021-201x300.jpg 201w, https:\/\/cpps.palmas.br\/wp-content\/uploads\/2020\/01\/gabrieladriano20200107_16485021-768x1147.jpg 768w, https:\/\/cpps.palmas.br\/wp-content\/uploads\/2020\/01\/gabrieladriano20200107_16485021.jpg 784w\" sizes=\"auto, (max-width: 580px) 100vw, 580px\" \/><figcaption> GABRIEL ADRIANO DE MELO<br>Sabe aquele anjo que o Senhor Deus coloca em nossas vidas com um brilho especial!? <br>&#8211; Voc\u00ea \u00e9 o nosso anjo. <br>Chegou aqui com dois aninhos e ficou conosco at\u00e9 a conclus\u00e3o do nono ano. A fam\u00edlia&nbsp;<a href=\"https:\/\/www.facebook.com\/principiodasabedoria.cpps?__tn__=%2CdK%2AF-R&amp;eid=ARBlukpXSkDHMZQTUGYlfu_5Zmg7mCfK_sM_OCoELOJ5afyKFPrmCGSD9GSGh6PVS1VjMUHJGGxiGLLJ\">Princ\u00edpio Da Sabedoria Cpps<\/a>&nbsp;sente-se honrada e orgulhosa por fazer parte de uma hist\u00f3ria vitoriosa e de sucesso como a sua.<br>Voc\u00ea sempre ser\u00e1 visto como refer\u00eancia do <em>Projeto Princ\u00edpio da&nbsp;Sabedoria<\/em> para todos que est\u00e3o e\/ou passar\u00e3o por aqui.<br>Sempre est\u00e1 em primeiro lugar: vestibular de Medicina, Engenharia, Engenharia das Ci\u00eancias da Computa\u00e7\u00e3o, Escola Naval, Marinha Mercante, Olimp\u00edadas de astronomia, Matem\u00e1tica, F\u00edsica, Qu\u00edmica&#8230; Formou-se em Engenharia da Ci\u00eancia da Computa\u00e7\u00e3o no ITA (Instituto Tecnol\u00f3gico de Aeron\u00e1utica), sendo que est\u00e1 concluindo MESTRADO e com encaminhamento para o DOUTORADO, antes mesmo de receber seu diploma da GRADUA\u00c7\u00c3O!<br>Sabemos queo m\u00e9rito \u00e9 todo seu, que se esfor\u00e7ou e buscou a cada instante conquistar seus sonhos. Saiba que voc\u00ea sempre ser\u00e1 o primeiro lugar em nossos cora\u00e7\u00f5es, pois o amamos e admiramos por sua determina\u00e7\u00e3o e persist\u00eancia que o trouxeram at\u00e9 aqui. Merecidamente voc\u00ea venceu. Receba nossos aplausos!<br>Parab\u00e9ns&nbsp;por todas as conquistas nosso inesquec\u00edvel e amado Gabriel Adriano!&nbsp;<br><br><br><br><\/figcaption><\/figure>\n","protected":false},"excerpt":{"rendered":"","protected":false},"author":3,"featured_media":0,"parent":60,"menu_order":0,"comment_status":"closed","ping_status":"closed","template":"","meta":{"footnotes":""},"class_list":["post-133","page","type-page","status-publish","hentry"],"_links":{"self":[{"href":"https:\/\/cpps.palmas.br\/index.php\/wp-json\/wp\/v2\/pages\/133","targetHints":{"allow":["GET"]}}],"collection":[{"href":"https:\/\/cpps.palmas.br\/index.php\/wp-json\/wp\/v2\/pages"}],"about":[{"href":"https:\/\/cpps.palmas.br\/index.php\/wp-json\/wp\/v2\/types\/page"}],"author":[{"embeddable":true,"href":"https:\/\/cpps.palmas.br\/index.php\/wp-json\/wp\/v2\/users\/3"}],"replies":[{"embeddable":true,"href":"https:\/\/cpps.palmas.br\/index.php\/wp-json\/wp\/v2\/comments?post=133"}],"version-history":[{"count":5,"href":"https:\/\/cpps.palmas.br\/index.php\/wp-json\/wp\/v2\/pages\/133\/revisions"}],"predecessor-version":[{"id":153,"href":"https:\/\/cpps.palmas.br\/index.php\/wp-json\/wp\/v2\/pages\/133\/revisions\/153"}],"up":[{"embeddable":true,"href":"https:\/\/cpps.palmas.br\/index.php\/wp-json\/wp\/v2\/pages\/60"}],"wp:attachment":[{"href":"https:\/\/cpps.palmas.br\/index.php\/wp-json\/wp\/v2\/media?parent=133"}],"curies":[{"name":"wp","href":"https:\/\/api.w.org\/{rel}","templated":true}]}}