{"id":72,"date":"2020-01-06T00:03:48","date_gmt":"2020-01-06T03:03:48","guid":{"rendered":"https:\/\/cpps.palmas.br\/?page_id=72"},"modified":"2020-12-08T21:44:25","modified_gmt":"2020-12-09T00:44:25","slug":"teste","status":"publish","type":"page","link":"https:\/\/cpps.palmas.br\/index.php\/metodologia\/teste\/","title":{"rendered":"Educa\u00e7\u00e3o Infantil"},"content":{"rendered":"\n<p>Anamnese<\/p>\n\n\n\n<p>Interven\u00e7\u00e3o psicopedag\u00f3gica<\/p>\n\n\n\n<p>Atendimento individualizado com o objetivo de atender as necessidades do aluno<\/p>\n\n\n\n<p>Potencializa\u00e7\u00e3o de habilidades<\/p>\n\n\n\n<p>Incentivo \u00e0 pesquisa cient\u00edfica<\/p>\n\n\n\n<p>Direcionamento para o conhecimento<\/p>\n\n\n\n<p>Est\u00edmulos para o desenvolvimento das habilidades e compet\u00eancias cognitivas, sociais e emocionais<\/p>\n\n\n\n<p>Potencializa\u00e7\u00e3o do desenvolvimento de habilidades para a alfabetiza\u00e7\u00e3o natural.<\/p>\n","protected":false},"excerpt":{"rendered":"<p>Anamnese Interven\u00e7\u00e3o psicopedag\u00f3gica Atendimento individualizado com o objetivo de atender as necessidades do aluno Potencializa\u00e7\u00e3o de habilidades Incentivo \u00e0 pesquisa cient\u00edfica Direcionamento para o conhecimento Est\u00edmulos para o desenvolvimento das habilidades e compet\u00eancias cognitivas, sociais e emocionais Potencializa\u00e7\u00e3o do desenvolvimento de habilidades para a alfabetiza\u00e7\u00e3o natural.<\/p>\n","protected":false},"author":1,"featured_media":0,"parent":43,"menu_order":0,"comment_status":"closed","ping_status":"closed","template":"","meta":{"footnotes":""},"class_list":["post-72","page","type-page","status-publish","hentry"],"_links":{"self":[{"href":"https:\/\/cpps.palmas.br\/index.php\/wp-json\/wp\/v2\/pages\/72","targetHints":{"allow":["GET"]}}],"collection":[{"href":"https:\/\/cpps.palmas.br\/index.php\/wp-json\/wp\/v2\/pages"}],"about":[{"href":"https:\/\/cpps.palmas.br\/index.php\/wp-json\/wp\/v2\/types\/page"}],"author":[{"embeddable":true,"href":"https:\/\/cpps.palmas.br\/index.php\/wp-json\/wp\/v2\/users\/1"}],"replies":[{"embeddable":true,"href":"https:\/\/cpps.palmas.br\/index.php\/wp-json\/wp\/v2\/comments?post=72"}],"version-history":[{"count":4,"href":"https:\/\/cpps.palmas.br\/index.php\/wp-json\/wp\/v2\/pages\/72\/revisions"}],"predecessor-version":[{"id":119,"href":"https:\/\/cpps.palmas.br\/index.php\/wp-json\/wp\/v2\/pages\/72\/revisions\/119"}],"up":[{"embeddable":true,"href":"https:\/\/cpps.palmas.br\/index.php\/wp-json\/wp\/v2\/pages\/43"}],"wp:attachment":[{"href":"https:\/\/cpps.palmas.br\/index.php\/wp-json\/wp\/v2\/media?parent=72"}],"curies":[{"name":"wp","href":"https:\/\/api.w.org\/{rel}","templated":true}]}}